{"id":75,"date":"2023-03-01T13:36:51","date_gmt":"2023-03-01T12:36:51","guid":{"rendered":"https:\/\/www.aprimeravistahs.es\/?page_id=75"},"modified":"2023-03-24T10:54:20","modified_gmt":"2023-03-24T09:54:20","slug":"legal-warning","status":"publish","type":"page","link":"https:\/\/www.aprimeravistahs.es\/en\/aviso-legal\/","title":{"rendered":"Legal warning"},"content":{"rendered":"<h2>OWNERSHIP<\/h2>\n<p>In compliance with the obligations established in article 10 of Law 34\/2002, of July 11, on Services of the Information Society and Electronic Commerce, it is stated that this page corresponds to the entity:<\/p>\n<p>Owner: Ana Garc\u00eda-Navarro Aguirre \u2013 16045483Q<br \/>\nAddress: Camino de la Pomarada, 82 - La Fresneda Siero 33429<br \/>\nPhone: 686 459 160<br \/>\nMail: info@aprimeravistahs.es<br \/>\nWeb: https:\/\/www.aprimeravistahs.es<br \/>\n<\/p>\n<p>For any questions, you can contact Ana Garc\u00eda-Navarro Aguirre at info@aprimeravistahs.es or by calling 686 459 160. You can contact us in any way.<\/p>\n<h2>OBJECT AND SCOPE OF THE WEB<\/h2>\n<p>The purpose of these General Conditions of Contract and Use is to regulate the provision of the information provided in the Ana Garc\u00eda-Navarro Aguirre online store, as well as the commercial transactions that arise between Ana Garc\u00eda-Navarro Aguirre and the users of the https domain. :\/\/www.aprimeravistahs.es. Both browsing the online store and the acquisition of any of the products offered in it, imply acceptance as a user, without reservations of any kind, of each and every one of these general contracting and use conditions. Ana Garc\u00eda-Navarro Aguirre may modify the web page to make as many changes and modifications as she deems appropriate and deems necessary for its proper functionality, without the need for prior notice.<\/p>\n<h2>USERS<\/h2>\n<p>The access and\/or use of this portal of Ana Garc\u00eda-Navarro Aguirre attributes the condition of USER, who accepts, from said access and\/or use, the General Conditions of Use reflected here. Access to the website will be voluntary, and, therefore, the responsibility of the user, who will be responsible for any direct or indirect effect that may arise from the use made of the website, including, without limitation, any result economic, technical and\/or legal adverse, as well as the disappointment of the expectations generated by our website, obliging the user to hold Ana Garc\u00eda-Navarro Aguirre harmless for any claims derived, directly or indirectly from such facts.<\/p>\n<h2>USE OF THE PORTAL<\/h2>\n<p>https:\/\/www.aprimeravistahs.es provides access to a multitude of information, services, programs or data (hereinafter, &quot;the contents&quot;) on the Internet belonging to Ana Garc\u00eda-Navarro Aguirre or its licensors that the USER may have access. The USER assumes responsibility for the use of the portal. Said responsibility extends to the registration that is necessary to access certain services or contents. In said registry, the USER will be responsible for providing truthful and lawful information. As a consequence of this registration, the USER can be provided with a password for which he will be responsible, agreeing to make diligent and confidential use of it. The USER undertakes to make appropriate use of the contents and services (such as chat services, discussion forums or newsgroups) that Ana Garc\u00eda-Navarro Aguirre can offer through its portal and with an illustrative but not limiting nature. , not to use them to (i) engage in illicit, illegal or contrary to good faith and public order activities; (ii) disseminate content or propaganda of a racist, xenophobic, pornographic-illegal nature, advocating terrorism or an attack on human rights; (iii) cause damage to the physical and logical systems of Ana Garc\u00eda-Navarro Aguirre, its suppliers or third parties, introduce or spread computer viruses or any other physical or logical systems that are likely to cause the aforementioned damage. ; (iv) try to access and, where appropriate, use the email accounts of other users and modify or manipulate their messages. Ana Garc\u00eda-Navarro Aguirre reserves the right to withdraw all those comments and contributions that violate respect for the dignity of the person, that are discriminatory, xenophobic, racist, pornographic, that threaten youth or childhood, order or public safety or that, in his opinion, would not be suitable for publication. In any case, Ana Garc\u00eda-Navarro Aguirre will not be responsible for the opinions expressed by users through forums, chats, or other participation tools.<\/p>\n<h2>INTELLECTUAL AND INDUSTRIAL PROPERTY<\/h2>\n<p>Ana Garc\u00eda-Navarro Aguirre by herself or as an assignee, is the owner of all the intellectual and industrial property rights of its website, as well as the elements contained therein (by way of example, images, sound, audio, video, software or texts; trademarks or logos, color combinations, structure and design, selection of materials used, computer programs necessary for its operation, access and use, etc.), owned by Ana Garc\u00eda-Navarro Aguirre or its licensors. All rights reserved. By virtue of the provisions of articles 8 and 32.1, second paragraph, of the Intellectual Property Law, the reproduction, distribution and public communication, including the method of making them available, of all or part of the contents of this web page, for commercial purposes, in any support and by any technical means, without the authorization of Ana Garc\u00eda-Navarro Aguirre.<\/p>\n<p>The USER undertakes to respect the Intellectual and Industrial Property rights owned by Ana Garc\u00eda-Navarro Aguirre. You will be able to view the elements of the portal and even print, copy and store them on your computer&#039;s hard drive or on any other physical medium as long as it is solely and exclusively for your personal and private use. The USER must refrain from deleting, altering, evading or manipulating any protection device or security system that was installed on the Ana Garc\u00eda-Navarro Aguirre pages.<\/p>\n<p>Therefore, the use of the Ana Garc\u00eda-Navarro Aguirre website for public or commercial purposes is prohibited, so the content of the website may not be exploited, reproduced, distributed, modified, publicly communicated, transferred, transformed or used. Web.<\/p>\n<p>The introduction of hyperlinks for commercial purposes on web pages unrelated to Ana Garc\u00eda-Navarro Aguirre, which allow access to our website, without prior consent, is expressly prohibited. In any case, the existence of hyperlinks on websites unrelated to us, will not imply in any case the existence of commercial or commercial relations with the owner of the web page where the hyperlink is established, nor the acceptance by Ana Garc\u00eda-Navarro Aguirre of its contents or services.<\/p>\n<h2>IP ADDRESSES<\/h2>\n<p>The website servers may automatically detect the IP address and domain name used by the user. An IP address is a number automatically assigned to a computer when it connects to the Internet. All this information is recorded in a duly registered server activity file that allows the subsequent processing of the data in order to obtain solely statistical measurements that allow knowing the number of page impressions, the number of visits made to web services, the order of visits, the point of access, etc.<\/p>\n<h2>EXCLUSION OF GUARANTEES AND RESPONSIBILITY<\/h2>\n<p>Ana Garc\u00eda-Navarro Aguirre is not responsible for any damages that may arise from interference, omissions, interruptions, computer viruses, breakdowns and\/or disconnections in the operational functioning of this electronic system or in the users&#039; computer devices and equipment, motivated by causes beyond the control of Ana Garc\u00eda-Navarro Aguirre, which prevent or delay the provision of services or browsing the store, or delays or blockages in use caused by deficiencies or overloads of the Internet or other electronic systems, or of the impossibility of providing the service or allowing access for reasons not attributable to Ana Garc\u00eda-Navarro Aguirre, due to the user, to third parties, or to cases of force majeure. Ana Garc\u00eda-Navarro Aguirre does not control, in general, the use that users make of the website. In particular, Ana Garc\u00eda-Navarro Aguirre is not responsible in any case that users use the website in accordance with the law, these General Conditions, morality and generally accepted good customs and public order, nor that they do so in diligent and prudent manner.<\/p>\n<p>The products presented on the website are in accordance with Spanish legislation. The responsibility of Ana Garc\u00eda-Navarro Aguirre cannot be invoked in the case of products that do not comply with the legislation of the countries to which they may have been sent based on the customer&#039;s order. It is therefore up to customers from outside Spain to verify the possibility of importing or using the products they request.<\/p>\n<h2>MODIFICATIONS<\/h2>\n<p>Ana Garc\u00eda-Navarro Aguirre reserves the right to make the modifications it deems appropriate to its portal without prior notice, being able to change, delete or add both the content and services provided through it and the way in which they appear. presented or located on your portal.<\/p>\n<h2>LINKS<\/h2>\n<p>In the event that https:\/\/www.aprimeravistahs.es contains links or hyperlinks to other Internet sites, Ana Garc\u00eda-Navarro Aguirre will not exercise any type of control over said sites and content. In no case will Ana Garc\u00eda-Navarro Aguirre assume any responsibility for the contents of any link belonging to a third-party website, nor will it guarantee the technical availability, quality, reliability, accuracy, breadth, veracity, validity and constitutionality of any material or information contained in none of said hyperlinks or other Internet sites. Likewise, the inclusion of these external connections will not imply any type of association, merger or participation with the connected entities.<\/p>\n<h2>RIGHT OF EXCLUSION<\/h2>\n<p>Ana Garc\u00eda-Navarro Aguirre reserves the right to deny or withdraw access to the portal and\/or the services offered without prior notice, at its own request or by a third party, to those users who fail to comply with these General Conditions of Use.<\/p>\n<h2>GENERAL<\/h2>\n<p>Ana Garc\u00eda-Navarro Aguirre will pursue the breach of these conditions as well as any improper use of its portal, exercising all civil and criminal actions that may correspond to it by law.<\/p>","protected":false},"excerpt":{"rendered":"<p>TITULARIDAD En cumplimiento de las obligaciones establecidas en el art\u00edculo 10 de la Ley 34\/2002, de 11 de julio, de Servicios de la Sociedad de la Informaci\u00f3n y Comercio Electr\u00f3nico, se hace constar que esta p\u00e1gina corresponde a la entidad: Titular: &#8211;\u00a0 Domicilio: Tfno: Mail: Web: Para cualquier consulta, puede contactar con en \u00a0o en [&hellip;]<\/p>\n","protected":false},"author":1,"featured_media":0,"parent":0,"menu_order":6,"comment_status":"closed","ping_status":"closed","template":"","meta":{"site-sidebar-layout":"no-sidebar","site-content-layout":"default","ast-site-content-layout":"default","site-content-style":"default","site-sidebar-style":"default","ast-global-header-display":"","ast-banner-title-visibility":"","ast-main-header-display":"","ast-hfb-above-header-display":"","ast-hfb-below-header-display":"","ast-hfb-mobile-header-display":"","site-post-title":"","ast-breadcrumbs-content":"","ast-featured-img":"","footer-sml-layout":"","ast-disable-related-posts":"","theme-transparent-header-meta":"default","adv-header-id-meta":"","stick-header-meta":"default","header-above-stick-meta":"","header-main-stick-meta":"","header-below-stick-meta":"","astra-migrate-meta-layouts":"default","ast-page-background-enabled":"default","ast-page-background-meta":{"desktop":{"background-color":"","background-image":"","background-repeat":"repeat","background-position":"center center","background-size":"auto","background-attachment":"scroll","background-type":"","background-media":"","overlay-type":"","overlay-color":"","overlay-opacity":"","overlay-gradient":""},"tablet":{"background-color":"","background-image":"","background-repeat":"repeat","background-position":"center center","background-size":"auto","background-attachment":"scroll","background-type":"","background-media":"","overlay-type":"","overlay-color":"","overlay-opacity":"","overlay-gradient":""},"mobile":{"background-color":"","background-image":"","background-repeat":"repeat","background-position":"center center","background-size":"auto","background-attachment":"scroll","background-type":"","background-media":"","overlay-type":"","overlay-color":"","overlay-opacity":"","overlay-gradient":""}},"ast-content-background-meta":{"desktop":{"background-color":"var(--ast-global-color-5)","background-image":"","background-repeat":"repeat","background-position":"center center","background-size":"auto","background-attachment":"scroll","background-type":"","background-media":"","overlay-type":"","overlay-color":"","overlay-opacity":"","overlay-gradient":""},"tablet":{"background-color":"var(--ast-global-color-5)","background-image":"","background-repeat":"repeat","background-position":"center center","background-size":"auto","background-attachment":"scroll","background-type":"","background-media":"","overlay-type":"","overlay-color":"","overlay-opacity":"","overlay-gradient":""},"mobile":{"background-color":"var(--ast-global-color-5)","background-image":"","background-repeat":"repeat","background-position":"center center","background-size":"auto","background-attachment":"scroll","background-type":"","background-media":"","overlay-type":"","overlay-color":"","overlay-opacity":"","overlay-gradient":""}},"_joinchat":[],"footnotes":""},"class_list":["post-75","page","type-page","status-publish","hentry"],"yoast_head":"<!-- This site is optimized with the Yoast SEO plugin v27.4 - https:\/\/yoast.com\/product\/yoast-seo-wordpress\/ -->\n<title>Aviso legal - A Primera Vista Home Staging<\/title>\n<meta name=\"description\" content=\"Aviso legal de A Primera Vista Home Staging\" \/>\n<meta name=\"robots\" content=\"index, follow, max-snippet:-1, max-image-preview:large, max-video-preview:-1\" \/>\n<link rel=\"canonical\" href=\"https:\/\/www.aprimeravistahs.es\/en\/legal-warning\/\" \/>\n<meta property=\"og:locale\" content=\"en_US\" \/>\n<meta property=\"og:type\" content=\"article\" \/>\n<meta property=\"og:title\" content=\"Aviso legal - A Primera Vista Home Staging\" \/>\n<meta property=\"og:description\" content=\"Aviso legal de A Primera Vista Home Staging\" \/>\n<meta property=\"og:url\" content=\"https:\/\/www.aprimeravistahs.es\/en\/legal-warning\/\" \/>\n<meta property=\"og:site_name\" content=\"A Primera Vista Home Staging\" \/>\n<meta property=\"article:modified_time\" content=\"2023-03-24T09:54:20+00:00\" \/>\n<meta property=\"og:image\" content=\"https:\/\/www.aprimeravistahs.es\/wp-content\/uploads\/2023\/07\/logo-rectangular-300-ppp.png\" \/>\n\t<meta property=\"og:image:width\" content=\"1772\" \/>\n\t<meta property=\"og:image:height\" content=\"886\" \/>\n\t<meta property=\"og:image:type\" content=\"image\/png\" \/>\n<meta name=\"twitter:card\" content=\"summary_large_image\" \/>\n<script type=\"application\/ld+json\" class=\"yoast-schema-graph\">{\"@context\":\"https:\\\/\\\/schema.org\",\"@graph\":[{\"@type\":\"WebPage\",\"@id\":\"https:\\\/\\\/www.aprimeravistahs.es\\\/aviso-legal\\\/\",\"url\":\"https:\\\/\\\/www.aprimeravistahs.es\\\/aviso-legal\\\/\",\"name\":\"Aviso legal - A Primera Vista Home Staging\",\"isPartOf\":{\"@id\":\"https:\\\/\\\/www.aprimeravistahs.es\\\/#website\"},\"datePublished\":\"2023-03-01T12:36:51+00:00\",\"dateModified\":\"2023-03-24T09:54:20+00:00\",\"description\":\"Aviso legal de A Primera Vista Home Staging\",\"breadcrumb\":{\"@id\":\"https:\\\/\\\/www.aprimeravistahs.es\\\/aviso-legal\\\/#breadcrumb\"},\"inLanguage\":\"en-US\",\"potentialAction\":[{\"@type\":\"ReadAction\",\"target\":[\"https:\\\/\\\/www.aprimeravistahs.es\\\/aviso-legal\\\/\"]}]},{\"@type\":\"BreadcrumbList\",\"@id\":\"https:\\\/\\\/www.aprimeravistahs.es\\\/aviso-legal\\\/#breadcrumb\",\"itemListElement\":[{\"@type\":\"ListItem\",\"position\":1,\"name\":\"Inicio\",\"item\":\"https:\\\/\\\/www.aprimeravistahs.es\\\/\"},{\"@type\":\"ListItem\",\"position\":2,\"name\":\"Aviso legal\"}]},{\"@type\":\"WebSite\",\"@id\":\"https:\\\/\\\/www.aprimeravistahs.es\\\/#website\",\"url\":\"https:\\\/\\\/www.aprimeravistahs.es\\\/\",\"name\":\"A Primera Vista Home Staging\",\"description\":\"\u00bfQuieres aumentar el inter\u00e9s por tu vivienda? Provoca el flechazo y destaca sobre la competencia.\",\"publisher\":{\"@id\":\"https:\\\/\\\/www.aprimeravistahs.es\\\/#organization\"},\"potentialAction\":[{\"@type\":\"SearchAction\",\"target\":{\"@type\":\"EntryPoint\",\"urlTemplate\":\"https:\\\/\\\/www.aprimeravistahs.es\\\/?s={search_term_string}\"},\"query-input\":{\"@type\":\"PropertyValueSpecification\",\"valueRequired\":true,\"valueName\":\"search_term_string\"}}],\"inLanguage\":\"en-US\"},{\"@type\":\"Organization\",\"@id\":\"https:\\\/\\\/www.aprimeravistahs.es\\\/#organization\",\"name\":\"A Primera Vista Home Staging\",\"url\":\"https:\\\/\\\/www.aprimeravistahs.es\\\/\",\"logo\":{\"@type\":\"ImageObject\",\"inLanguage\":\"en-US\",\"@id\":\"https:\\\/\\\/www.aprimeravistahs.es\\\/#\\\/schema\\\/logo\\\/image\\\/\",\"url\":\"https:\\\/\\\/www.aprimeravistahs.es\\\/wp-content\\\/uploads\\\/2023\\\/07\\\/cropped-favicon.jpg\",\"contentUrl\":\"https:\\\/\\\/www.aprimeravistahs.es\\\/wp-content\\\/uploads\\\/2023\\\/07\\\/cropped-favicon.jpg\",\"width\":512,\"height\":512,\"caption\":\"A Primera Vista Home Staging\"},\"image\":{\"@id\":\"https:\\\/\\\/www.aprimeravistahs.es\\\/#\\\/schema\\\/logo\\\/image\\\/\"}}]}<\/script>\n<!-- \/ Yoast SEO plugin. -->","yoast_head_json":{"title":"Legal notice - A Primera Vista Home Staging","description":"A Primera Vista Home Staging legal notice","robots":{"index":"index","follow":"follow","max-snippet":"max-snippet:-1","max-image-preview":"max-image-preview:large","max-video-preview":"max-video-preview:-1"},"canonical":"https:\/\/www.aprimeravistahs.es\/en\/legal-warning\/","og_locale":"en_US","og_type":"article","og_title":"Aviso legal - A Primera Vista Home Staging","og_description":"Aviso legal de A Primera Vista Home Staging","og_url":"https:\/\/www.aprimeravistahs.es\/en\/legal-warning\/","og_site_name":"A Primera Vista Home Staging","article_modified_time":"2023-03-24T09:54:20+00:00","og_image":[{"width":1772,"height":886,"url":"https:\/\/www.aprimeravistahs.es\/wp-content\/uploads\/2023\/07\/logo-rectangular-300-ppp.png","type":"image\/png"}],"twitter_card":"summary_large_image","schema":{"@context":"https:\/\/schema.org","@graph":[{"@type":"WebPage","@id":"https:\/\/www.aprimeravistahs.es\/aviso-legal\/","url":"https:\/\/www.aprimeravistahs.es\/aviso-legal\/","name":"Legal notice - A Primera Vista Home Staging","isPartOf":{"@id":"https:\/\/www.aprimeravistahs.es\/#website"},"datePublished":"2023-03-01T12:36:51+00:00","dateModified":"2023-03-24T09:54:20+00:00","description":"A Primera Vista Home Staging legal notice","breadcrumb":{"@id":"https:\/\/www.aprimeravistahs.es\/aviso-legal\/#breadcrumb"},"inLanguage":"en-US","potentialAction":[{"@type":"ReadAction","target":["https:\/\/www.aprimeravistahs.es\/aviso-legal\/"]}]},{"@type":"BreadcrumbList","@id":"https:\/\/www.aprimeravistahs.es\/aviso-legal\/#breadcrumb","itemListElement":[{"@type":"ListItem","position":1,"name":"Inicio","item":"https:\/\/www.aprimeravistahs.es\/"},{"@type":"ListItem","position":2,"name":"Aviso legal"}]},{"@type":"WebSite","@id":"https:\/\/www.aprimeravistahs.es\/#website","url":"https:\/\/www.aprimeravistahs.es\/","name":"A Primera Vista Home Staging","description":"Do you want to increase interest in your home? Causes the crush and stands out from the competition.","publisher":{"@id":"https:\/\/www.aprimeravistahs.es\/#organization"},"potentialAction":[{"@type":"SearchAction","target":{"@type":"EntryPoint","urlTemplate":"https:\/\/www.aprimeravistahs.es\/?s={search_term_string}"},"query-input":{"@type":"PropertyValueSpecification","valueRequired":true,"valueName":"search_term_string"}}],"inLanguage":"en-US"},{"@type":"Organization","@id":"https:\/\/www.aprimeravistahs.es\/#organization","name":"A Primera Vista Home Staging","url":"https:\/\/www.aprimeravistahs.es\/","logo":{"@type":"ImageObject","inLanguage":"en-US","@id":"https:\/\/www.aprimeravistahs.es\/#\/schema\/logo\/image\/","url":"https:\/\/www.aprimeravistahs.es\/wp-content\/uploads\/2023\/07\/cropped-favicon.jpg","contentUrl":"https:\/\/www.aprimeravistahs.es\/wp-content\/uploads\/2023\/07\/cropped-favicon.jpg","width":512,"height":512,"caption":"A Primera Vista Home Staging"},"image":{"@id":"https:\/\/www.aprimeravistahs.es\/#\/schema\/logo\/image\/"}}]}},"_links":{"self":[{"href":"https:\/\/www.aprimeravistahs.es\/en\/wp-json\/wp\/v2\/pages\/75","targetHints":{"allow":["GET"]}}],"collection":[{"href":"https:\/\/www.aprimeravistahs.es\/en\/wp-json\/wp\/v2\/pages"}],"about":[{"href":"https:\/\/www.aprimeravistahs.es\/en\/wp-json\/wp\/v2\/types\/page"}],"author":[{"embeddable":true,"href":"https:\/\/www.aprimeravistahs.es\/en\/wp-json\/wp\/v2\/users\/1"}],"replies":[{"embeddable":true,"href":"https:\/\/www.aprimeravistahs.es\/en\/wp-json\/wp\/v2\/comments?post=75"}],"version-history":[{"count":5,"href":"https:\/\/www.aprimeravistahs.es\/en\/wp-json\/wp\/v2\/pages\/75\/revisions"}],"predecessor-version":[{"id":180,"href":"https:\/\/www.aprimeravistahs.es\/en\/wp-json\/wp\/v2\/pages\/75\/revisions\/180"}],"wp:attachment":[{"href":"https:\/\/www.aprimeravistahs.es\/en\/wp-json\/wp\/v2\/media?parent=75"}],"curies":[{"name":"wp","href":"https:\/\/api.w.org\/{rel}","templated":true}]}}